{"id":14,"date":"2025-05-15T14:43:13","date_gmt":"2025-05-15T12:43:13","guid":{"rendered":"https:\/\/annescholler.com\/?page_id=14"},"modified":"2025-10-11T17:34:02","modified_gmt":"2025-10-11T15:34:02","slug":"accueil","status":"publish","type":"page","link":"https:\/\/annescholler.com\/","title":{"rendered":"Accueil"},"content":{"rendered":"\t\t<div data-elementor-type=\"wp-page\" data-elementor-id=\"14\" class=\"elementor elementor-14\">\n\t\t\t\t<div class=\"elementor-element elementor-element-7e58363 e-flex e-con-boxed e-con e-parent\" data-id=\"7e58363\" data-element_type=\"container\" data-e-type=\"container\">\n\t\t\t\t\t<div class=\"e-con-inner\">\n\t\t\t\t<div class=\"elementor-element elementor-element-0277d34 elementor-widget elementor-widget-spacer\" data-id=\"0277d34\" data-element_type=\"widget\" data-e-type=\"widget\" data-widget_type=\"spacer.default\">\n\t\t\t\t<div class=\"elementor-widget-container\">\n\t\t\t\t\t\t\t<div class=\"elementor-spacer\">\n\t\t\t<div class=\"elementor-spacer-inner\"><\/div>\n\t\t<\/div>\n\t\t\t\t\t\t<\/div>\n\t\t\t\t<\/div>\n\t\t\t\t\t<\/div>\n\t\t\t\t<\/div>\n\t\t<div class=\"elementor-element elementor-element-d806d13 e-flex e-con-boxed e-con e-parent\" data-id=\"d806d13\" data-element_type=\"container\" data-e-type=\"container\">\n\t\t\t\t\t<div class=\"e-con-inner\">\n\t\t\t\t<div class=\"elementor-element elementor-element-c6722de elementor-widget elementor-widget-heading\" data-id=\"c6722de\" data-element_type=\"widget\" data-e-type=\"widget\" data-widget_type=\"heading.default\">\n\t\t\t\t<div class=\"elementor-widget-container\">\n\t\t\t\t\t<h2 class=\"elementor-heading-title elementor-size-default\">Anne Scholler<\/h2>\t\t\t\t<\/div>\n\t\t\t\t<\/div>\n\t\t\t\t\t<\/div>\n\t\t\t\t<\/div>\n\t\t<div class=\"elementor-element elementor-element-f62f9d3 e-grid e-con-boxed e-con e-parent\" data-id=\"f62f9d3\" data-element_type=\"container\" data-e-type=\"container\">\n\t\t\t\t\t<div class=\"e-con-inner\">\n\t\t\t\t<div class=\"elementor-element elementor-element-eff9b8b elementor-widget elementor-widget-image\" data-id=\"eff9b8b\" data-element_type=\"widget\" data-e-type=\"widget\" data-widget_type=\"image.default\">\n\t\t\t\t<div class=\"elementor-widget-container\">\n\t\t\t\t\t\t\t\t\t\t\t\t\t\t\t<img decoding=\"async\" src=\"https:\/\/annescholler.com\/wp-content\/uploads\/elementor\/thumbs\/logo-TMSE-AS-Methode-Demelt-scaled-rd21dg76q2tvr2bzvmlon8fo3952ijzip5uu4xnvl8.png\" title=\"logo TMSE &#8211; AS &#8211; M\u00e9thode Demelt\" alt=\"logo TMSE - AS - M\u00e9thode Demelt\" loading=\"lazy\" \/>\t\t\t\t\t\t\t\t\t\t\t\t\t\t\t<\/div>\n\t\t\t\t<\/div>\n\t\t\t\t<div class=\"elementor-element elementor-element-ee77c4c elementor-widget elementor-widget-text-editor\" data-id=\"ee77c4c\" data-element_type=\"widget\" data-e-type=\"widget\" data-widget_type=\"text-editor.default\">\n\t\t\t\t<div class=\"elementor-widget-container\">\n\t\t\t\t\t\t\t\t\t<h4>Attir\u00e9e depuis toujours par les m\u00e9tiers du soin, j&rsquo;ai exerc\u00e9 la profession de P\u00e9dicure Podologue durant 32 ann\u00e9es dans le secteur lib\u00e9ral.<\/h4>\n<h4>Au fil des ann\u00e9es, j&rsquo;ai eu envie d &lsquo;approfondir la notion de globalit\u00e9 dans le soin.<\/h4>\n<h4>Je me suis form\u00e9e \u00e0 la M\u00e9thode Demelt entre 2017 et 2018.<br>Certifi\u00e9e en 2019, Mr Demelt m&rsquo;a propos\u00e9 de devenir formatrice.<\/h4>\n<h4>Depuis Septembre 2023, j&rsquo;ai \u00e0 c\u0153ur de transmettre cette magnifique et puissante&nbsp; M\u00e9thode en collaboration avec son cr\u00e9ateur, Jean Michel Demelt.<\/h4>\n<h4>Je vous propose de vous recevoir uniquement sur RDV pour des soins \u00e0 Gray (70), \u00e0 la Maison de la s\u00e9r\u00e9nit\u00e9 \u00e0 Gy (70) ou \u00e0 Talant (21).<\/h4>\t\t\t\t\t\t\t\t<\/div>\n\t\t\t\t<\/div>\n\t\t\t\t<div class=\"elementor-element elementor-element-ca11460 elementor-widget elementor-widget-image\" data-id=\"ca11460\" data-element_type=\"widget\" data-e-type=\"widget\" data-widget_type=\"image.default\">\n\t\t\t\t<div class=\"elementor-widget-container\">\n\t\t\t\t\t\t\t\t\t\t\t\t\t\t\t<img decoding=\"async\" src=\"https:\/\/annescholler.com\/wp-content\/uploads\/elementor\/thumbs\/Screenshot_20240527_135142_Gallery-r7z1uc50344y6lil7iy6xyzhmqqj9fpcb6qj7xd1te.jpg\" title=\"Screenshot_20240527_135142_Gallery\" alt=\"Screenshot_20240527_135142_Gallery\" loading=\"lazy\" \/>\t\t\t\t\t\t\t\t\t\t\t\t\t\t\t<\/div>\n\t\t\t\t<\/div>\n\t\t\t\t\t<\/div>\n\t\t\t\t<\/div>\n\t\t\t\t<\/div>\n\t\t","protected":false},"excerpt":{"rendered":"<p>Anne Scholler Attir\u00e9e depuis toujours par les m\u00e9tiers du soin, j&rsquo;ai exerc\u00e9 la profession de P\u00e9dicure Podologue durant 32 ann\u00e9es dans le secteur lib\u00e9ral. Au fil des ann\u00e9es, j&rsquo;ai eu envie d &lsquo;approfondir la notion de globalit\u00e9 dans le soin. Je me suis form\u00e9e \u00e0 la M\u00e9thode Demelt entre 2017 et 2018.Certifi\u00e9e en 2019, Mr [&hellip;]<\/p>\n","protected":false},"author":1,"featured_media":0,"parent":0,"menu_order":0,"comment_status":"closed","ping_status":"closed","template":"elementor_header_footer","meta":{"ocean_post_layout":"full-screen","ocean_both_sidebars_style":"","ocean_both_sidebars_content_width":0,"ocean_both_sidebars_sidebars_width":0,"ocean_sidebar":"","ocean_second_sidebar":"","ocean_disable_margins":"enable","ocean_add_body_class":"","ocean_shortcode_before_top_bar":"","ocean_shortcode_after_top_bar":"","ocean_shortcode_before_header":"","ocean_shortcode_after_header":"","ocean_has_shortcode":"","ocean_shortcode_after_title":"","ocean_shortcode_before_footer_widgets":"","ocean_shortcode_after_footer_widgets":"","ocean_shortcode_before_footer_bottom":"","ocean_shortcode_after_footer_bottom":"","ocean_display_top_bar":"default","ocean_display_header":"default","ocean_header_style":"top","ocean_center_header_left_menu":"4","ocean_custom_header_template":"","ocean_custom_logo":0,"ocean_custom_retina_logo":0,"ocean_custom_logo_max_width":0,"ocean_custom_logo_tablet_max_width":0,"ocean_custom_logo_mobile_max_width":0,"ocean_custom_logo_max_height":0,"ocean_custom_logo_tablet_max_height":0,"ocean_custom_logo_mobile_max_height":0,"ocean_header_custom_menu":"4","ocean_menu_typo_font_family":"","ocean_menu_typo_font_subset":"","ocean_menu_typo_font_size":0,"ocean_menu_typo_font_size_tablet":0,"ocean_menu_typo_font_size_mobile":0,"ocean_menu_typo_font_size_unit":"px","ocean_menu_typo_font_weight":"","ocean_menu_typo_font_weight_tablet":"","ocean_menu_typo_font_weight_mobile":"","ocean_menu_typo_transform":"","ocean_menu_typo_transform_tablet":"","ocean_menu_typo_transform_mobile":"","ocean_menu_typo_line_height":0,"ocean_menu_typo_line_height_tablet":0,"ocean_menu_typo_line_height_mobile":0,"ocean_menu_typo_line_height_unit":"","ocean_menu_typo_spacing":0,"ocean_menu_typo_spacing_tablet":0,"ocean_menu_typo_spacing_mobile":0,"ocean_menu_typo_spacing_unit":"","ocean_menu_link_color":"","ocean_menu_link_color_hover":"","ocean_menu_link_color_active":"","ocean_menu_link_background":"","ocean_menu_link_hover_background":"","ocean_menu_link_active_background":"","ocean_menu_social_links_bg":"","ocean_menu_social_hover_links_bg":"","ocean_menu_social_links_color":"","ocean_menu_social_hover_links_color":"","ocean_disable_title":"on","ocean_disable_heading":"default","ocean_post_title":"","ocean_post_subheading":"","ocean_post_title_style":"centered-minimal","ocean_post_title_background_color":"","ocean_post_title_background":0,"ocean_post_title_bg_image_position":"center center","ocean_post_title_bg_image_attachment":"","ocean_post_title_bg_image_repeat":"","ocean_post_title_bg_image_size":"auto","ocean_post_title_height":1,"ocean_post_title_bg_overlay":0.1,"ocean_post_title_bg_overlay_color":"#f0ece100","ocean_disable_breadcrumbs":"off","ocean_breadcrumbs_color":"#FB4570","ocean_breadcrumbs_separator_color":"#29A0B1","ocean_breadcrumbs_links_color":"","ocean_breadcrumbs_links_hover_color":"","ocean_display_footer_widgets":"default","ocean_display_footer_bottom":"off","ocean_custom_footer_template":"","footnotes":""},"class_list":["post-14","page","type-page","status-publish","hentry","entry"],"_links":{"self":[{"href":"https:\/\/annescholler.com\/index.php\/wp-json\/wp\/v2\/pages\/14","targetHints":{"allow":["GET"]}}],"collection":[{"href":"https:\/\/annescholler.com\/index.php\/wp-json\/wp\/v2\/pages"}],"about":[{"href":"https:\/\/annescholler.com\/index.php\/wp-json\/wp\/v2\/types\/page"}],"author":[{"embeddable":true,"href":"https:\/\/annescholler.com\/index.php\/wp-json\/wp\/v2\/users\/1"}],"replies":[{"embeddable":true,"href":"https:\/\/annescholler.com\/index.php\/wp-json\/wp\/v2\/comments?post=14"}],"version-history":[{"count":168,"href":"https:\/\/annescholler.com\/index.php\/wp-json\/wp\/v2\/pages\/14\/revisions"}],"predecessor-version":[{"id":2077,"href":"https:\/\/annescholler.com\/index.php\/wp-json\/wp\/v2\/pages\/14\/revisions\/2077"}],"wp:attachment":[{"href":"https:\/\/annescholler.com\/index.php\/wp-json\/wp\/v2\/media?parent=14"}],"curies":[{"name":"wp","href":"https:\/\/api.w.org\/{rel}","templated":true}]}}