{"id":1555,"date":"2025-08-17T13:49:33","date_gmt":"2025-08-17T11:49:33","guid":{"rendered":"https:\/\/annescholler.com\/?page_id=1555"},"modified":"2026-02-07T10:21:50","modified_gmt":"2026-02-07T09:21:50","slug":"deroulement-dun-soin","status":"publish","type":"page","link":"https:\/\/annescholler.com\/index.php\/deroulement-dun-soin\/","title":{"rendered":"D\u00e9roulement d&rsquo;un soin"},"content":{"rendered":"\t\t<div data-elementor-type=\"wp-page\" data-elementor-id=\"1555\" class=\"elementor elementor-1555\">\n\t\t\t\t<div class=\"elementor-element elementor-element-c327d2a e-flex e-con-boxed e-con e-parent\" data-id=\"c327d2a\" data-element_type=\"container\" data-e-type=\"container\">\n\t\t\t\t\t<div class=\"e-con-inner\">\n\t\t\t\t<div class=\"elementor-element elementor-element-ef44016 elementor-widget elementor-widget-spacer\" data-id=\"ef44016\" data-element_type=\"widget\" data-e-type=\"widget\" data-widget_type=\"spacer.default\">\n\t\t\t\t<div class=\"elementor-widget-container\">\n\t\t\t\t\t\t\t<div class=\"elementor-spacer\">\n\t\t\t<div class=\"elementor-spacer-inner\"><\/div>\n\t\t<\/div>\n\t\t\t\t\t\t<\/div>\n\t\t\t\t<\/div>\n\t\t\t\t\t<\/div>\n\t\t\t\t<\/div>\n\t\t<div class=\"elementor-element elementor-element-6a94686 e-flex e-con-boxed e-con e-parent\" data-id=\"6a94686\" data-element_type=\"container\" data-e-type=\"container\">\n\t\t\t\t\t<div class=\"e-con-inner\">\n\t\t\t\t<div class=\"elementor-element elementor-element-2613445 elementor-widget elementor-widget-image\" data-id=\"2613445\" data-element_type=\"widget\" data-e-type=\"widget\" data-widget_type=\"image.default\">\n\t\t\t\t<div class=\"elementor-widget-container\">\n\t\t\t\t\t\t\t\t\t\t\t\t\t\t\t<img fetchpriority=\"high\" decoding=\"async\" width=\"300\" height=\"225\" src=\"https:\/\/annescholler.com\/wp-content\/uploads\/2025\/08\/cabinet-anne-300x225.webp\" class=\"attachment-medium size-medium wp-image-1575\" alt=\"\" srcset=\"https:\/\/annescholler.com\/wp-content\/uploads\/2025\/08\/cabinet-anne-300x225.webp 300w, https:\/\/annescholler.com\/wp-content\/uploads\/2025\/08\/cabinet-anne-768x576.webp 768w, https:\/\/annescholler.com\/wp-content\/uploads\/2025\/08\/cabinet-anne.webp 1024w\" sizes=\"(max-width: 300px) 100vw, 300px\" \/>\t\t\t\t\t\t\t\t\t\t\t\t\t\t\t<\/div>\n\t\t\t\t<\/div>\n\t\t\t\t\t<\/div>\n\t\t\t\t<\/div>\n\t\t<div class=\"elementor-element elementor-element-dfe5138 e-flex e-con-boxed e-con e-parent\" data-id=\"dfe5138\" data-element_type=\"container\" data-e-type=\"container\">\n\t\t\t\t\t<div class=\"e-con-inner\">\n\t\t\t\t<div class=\"elementor-element elementor-element-1b233d7 elementor-widget elementor-widget-text-editor\" data-id=\"1b233d7\" data-element_type=\"widget\" data-e-type=\"widget\" data-widget_type=\"text-editor.default\">\n\t\t\t\t<div class=\"elementor-widget-container\">\n\t\t\t\t\t\t\t\t\t<h4><span style=\"text-decoration: underline;\">Comment se passe une s\u00e9ance ?<\/span><\/h4><h4>Apr\u00e8s un bref \u00e9change o\u00f9 vous me parlez du but de votre visite, vous prenez place sur ma table de massage et restez habill\u00e9. Je d\u00e9c\u00e8le des tensions physiques que vous lib\u00e9rez par l&rsquo;expiration dirig\u00e9e puis ensemble nous trouvons si vous le souhaitez, l&rsquo;\u00e9v\u00e9nement et l&rsquo;\u00e9motion li\u00e9s \u00e0 votre blocage physique ou mal-\u00eatre. Puis nous mettons en place une reprogrammation positive et des actes concrets. Ceci vous permet de passer de ce que vous ne voulez plus \u00e0 ce qui est juste pour vous maintenant.<\/h4><h4>La s\u00e9ance dure entre 1h et 1h30, sur rendez-vous uniquement en me contactant au 06.42.82.36.05.<\/h4><h4>Le tarif de la s\u00e9ance est de 60\u20ac.<\/h4><h4>\u00a0<\/h4><h4><span style=\"text-decoration: underline;\">Quelle approche je vous propose ?<\/span><\/h4><h4>L&rsquo;id\u00e9e principale durant une s\u00e9ance est d&rsquo;arriver progressivement \u00e0 accompagner le consultant \u00e0 \u00eatre autonome sur le plan \u00e9motionnel. C&rsquo;est-\u00e0-dire lui apprendre \u00e0 reconna\u00eetre, nommer, g\u00e9rer une \u00e9motion n\u00e9gative puis la remplacer par une reprogrammation positive et des actes concrets qui le feront aller vers plus de s\u00e9r\u00e9nit\u00e9 et d&rsquo;\u00e9quilibre int\u00e9rieur.<\/h4><h4>\u00a0<\/h4><h4><span style=\"text-decoration: underline;\">Pour quels probl\u00e8mes, g\u00eanes ou troubles suis-je consult\u00e9e ?<\/span><\/h4><h4>Pour tous les tracas li\u00e9s au mal-\u00eatre, deuils, enfant int\u00e9rieur et \u00e9galement les probl\u00e9matiques physiques, tensions tr\u00e8s souvent li\u00e9es \u00e0 un \u00e9tat de stress important.<\/h4><h4>\u00a0<\/h4><h4><span style=\"text-decoration: underline;\">Quels b\u00e9n\u00e9fices en attendre ?<\/span><\/h4><h4>&#8211; La satisfaction d&rsquo;avoir pris du temps pour soi.<br \/>&#8211; Un soulagement sur le plan physique, une meilleure amplitude respiratoire.<br \/>&#8211; Avoir compris et accept\u00e9 certaines probl\u00e9matiques li\u00e9es au transg\u00e9n\u00e9rationnel.<br \/>&#8211; Avoir envie de prendre sa place et d&rsquo;avancer.<\/h4><h4>\u00a0<\/h4><h4><em>\u00ab Ce qui ne s&rsquo;exprime pas, s&rsquo;imprime \u00bb<\/em><\/h4>\t\t\t\t\t\t\t\t<\/div>\n\t\t\t\t<\/div>\n\t\t\t\t\t<\/div>\n\t\t\t\t<\/div>\n\t\t<div class=\"elementor-element elementor-element-f5f66ad e-flex e-con-boxed e-con e-parent\" data-id=\"f5f66ad\" data-element_type=\"container\" data-e-type=\"container\">\n\t\t\t\t\t<div class=\"e-con-inner\">\n\t\t\t\t<div class=\"elementor-element elementor-element-fa66df4 elementor-widget elementor-widget-button\" data-id=\"fa66df4\" data-element_type=\"widget\" data-e-type=\"widget\" data-widget_type=\"button.default\">\n\t\t\t\t<div class=\"elementor-widget-container\">\n\t\t\t\t\t\t\t\t\t<div class=\"elementor-button-wrapper\">\n\t\t\t\t\t<a class=\"elementor-button elementor-button-link elementor-size-sm\" href=\"https:\/\/annescholler.com\/index.php\/contact\/\">\n\t\t\t\t\t\t<span class=\"elementor-button-content-wrapper\">\n\t\t\t\t\t\t\t\t\t<span class=\"elementor-button-text\">Contact<\/span>\n\t\t\t\t\t<\/span>\n\t\t\t\t\t<\/a>\n\t\t\t\t<\/div>\n\t\t\t\t\t\t\t\t<\/div>\n\t\t\t\t<\/div>\n\t\t\t\t\t<\/div>\n\t\t\t\t<\/div>\n\t\t\t\t<\/div>\n\t\t","protected":false},"excerpt":{"rendered":"<p>Comment se passe une s\u00e9ance ? Apr\u00e8s un bref \u00e9change o\u00f9 vous me parlez du but de votre visite, vous prenez place sur ma table de massage et restez habill\u00e9. Je d\u00e9c\u00e8le des tensions physiques que vous lib\u00e9rez par l&rsquo;expiration dirig\u00e9e puis ensemble nous trouvons si vous le souhaitez, l&rsquo;\u00e9v\u00e9nement et l&rsquo;\u00e9motion li\u00e9s \u00e0 votre [&hellip;]<\/p>\n","protected":false},"author":1,"featured_media":0,"parent":0,"menu_order":0,"comment_status":"closed","ping_status":"closed","template":"","meta":{"ocean_post_layout":"full-screen","ocean_both_sidebars_style":"","ocean_both_sidebars_content_width":0,"ocean_both_sidebars_sidebars_width":0,"ocean_sidebar":"","ocean_second_sidebar":"","ocean_disable_margins":"enable","ocean_add_body_class":"","ocean_shortcode_before_top_bar":"","ocean_shortcode_after_top_bar":"","ocean_shortcode_before_header":"","ocean_shortcode_after_header":"","ocean_has_shortcode":"","ocean_shortcode_after_title":"","ocean_shortcode_before_footer_widgets":"","ocean_shortcode_after_footer_widgets":"","ocean_shortcode_before_footer_bottom":"","ocean_shortcode_after_footer_bottom":"","ocean_display_top_bar":"default","ocean_display_header":"default","ocean_header_style":"","ocean_center_header_left_menu":"","ocean_custom_header_template":"","ocean_custom_logo":0,"ocean_custom_retina_logo":0,"ocean_custom_logo_max_width":0,"ocean_custom_logo_tablet_max_width":0,"ocean_custom_logo_mobile_max_width":0,"ocean_custom_logo_max_height":0,"ocean_custom_logo_tablet_max_height":0,"ocean_custom_logo_mobile_max_height":0,"ocean_header_custom_menu":"4","ocean_menu_typo_font_family":"","ocean_menu_typo_font_subset":"","ocean_menu_typo_font_size":0,"ocean_menu_typo_font_size_tablet":0,"ocean_menu_typo_font_size_mobile":0,"ocean_menu_typo_font_size_unit":"px","ocean_menu_typo_font_weight":"","ocean_menu_typo_font_weight_tablet":"","ocean_menu_typo_font_weight_mobile":"","ocean_menu_typo_transform":"","ocean_menu_typo_transform_tablet":"","ocean_menu_typo_transform_mobile":"","ocean_menu_typo_line_height":0,"ocean_menu_typo_line_height_tablet":0,"ocean_menu_typo_line_height_mobile":0,"ocean_menu_typo_line_height_unit":"","ocean_menu_typo_spacing":0,"ocean_menu_typo_spacing_tablet":0,"ocean_menu_typo_spacing_mobile":0,"ocean_menu_typo_spacing_unit":"","ocean_menu_link_color":"","ocean_menu_link_color_hover":"","ocean_menu_link_color_active":"","ocean_menu_link_background":"","ocean_menu_link_hover_background":"","ocean_menu_link_active_background":"","ocean_menu_social_links_bg":"","ocean_menu_social_hover_links_bg":"","ocean_menu_social_links_color":"","ocean_menu_social_hover_links_color":"","ocean_disable_title":"on","ocean_disable_heading":"default","ocean_post_title":"","ocean_post_subheading":"","ocean_post_title_style":"","ocean_post_title_background_color":"","ocean_post_title_background":0,"ocean_post_title_bg_image_position":"","ocean_post_title_bg_image_attachment":"","ocean_post_title_bg_image_repeat":"","ocean_post_title_bg_image_size":"","ocean_post_title_height":0,"ocean_post_title_bg_overlay":0.5,"ocean_post_title_bg_overlay_color":"","ocean_disable_breadcrumbs":"default","ocean_breadcrumbs_color":"","ocean_breadcrumbs_separator_color":"","ocean_breadcrumbs_links_color":"","ocean_breadcrumbs_links_hover_color":"","ocean_display_footer_widgets":"default","ocean_display_footer_bottom":"default","ocean_custom_footer_template":"","footnotes":""},"class_list":["post-1555","page","type-page","status-publish","hentry","entry"],"_links":{"self":[{"href":"https:\/\/annescholler.com\/index.php\/wp-json\/wp\/v2\/pages\/1555","targetHints":{"allow":["GET"]}}],"collection":[{"href":"https:\/\/annescholler.com\/index.php\/wp-json\/wp\/v2\/pages"}],"about":[{"href":"https:\/\/annescholler.com\/index.php\/wp-json\/wp\/v2\/types\/page"}],"author":[{"embeddable":true,"href":"https:\/\/annescholler.com\/index.php\/wp-json\/wp\/v2\/users\/1"}],"replies":[{"embeddable":true,"href":"https:\/\/annescholler.com\/index.php\/wp-json\/wp\/v2\/comments?post=1555"}],"version-history":[{"count":37,"href":"https:\/\/annescholler.com\/index.php\/wp-json\/wp\/v2\/pages\/1555\/revisions"}],"predecessor-version":[{"id":2206,"href":"https:\/\/annescholler.com\/index.php\/wp-json\/wp\/v2\/pages\/1555\/revisions\/2206"}],"wp:attachment":[{"href":"https:\/\/annescholler.com\/index.php\/wp-json\/wp\/v2\/media?parent=1555"}],"curies":[{"name":"wp","href":"https:\/\/api.w.org\/{rel}","templated":true}]}}