{"id":57,"date":"2025-05-15T15:29:29","date_gmt":"2025-05-15T13:29:29","guid":{"rendered":"https:\/\/annescholler.com\/?page_id=57"},"modified":"2025-09-14T17:06:17","modified_gmt":"2025-09-14T15:06:17","slug":"avis","status":"publish","type":"page","link":"https:\/\/annescholler.com\/index.php\/avis\/","title":{"rendered":"Avis"},"content":{"rendered":"\t\t<div data-elementor-type=\"wp-page\" data-elementor-id=\"57\" class=\"elementor elementor-57\">\n\t\t\t\t<div class=\"elementor-element elementor-element-59bdecf e-flex e-con-boxed e-con e-parent\" data-id=\"59bdecf\" data-element_type=\"container\" data-e-type=\"container\">\n\t\t\t\t\t<div class=\"e-con-inner\">\n\t\t\t\t<div class=\"elementor-element elementor-element-9677a86 elementor-widget elementor-widget-spacer\" data-id=\"9677a86\" data-element_type=\"widget\" data-e-type=\"widget\" data-widget_type=\"spacer.default\">\n\t\t\t\t<div class=\"elementor-widget-container\">\n\t\t\t\t\t\t\t<div class=\"elementor-spacer\">\n\t\t\t<div class=\"elementor-spacer-inner\"><\/div>\n\t\t<\/div>\n\t\t\t\t\t\t<\/div>\n\t\t\t\t<\/div>\n\t\t\t\t\t<\/div>\n\t\t\t\t<\/div>\n\t\t<div class=\"elementor-element elementor-element-aa3c788 e-flex e-con-boxed e-con e-parent\" data-id=\"aa3c788\" data-element_type=\"container\" data-e-type=\"container\">\n\t\t\t\t\t<div class=\"e-con-inner\">\n\t\t\t\t<div class=\"elementor-element elementor-element-e8ae5ec elementor-widget elementor-widget-text-editor\" data-id=\"e8ae5ec\" data-element_type=\"widget\" data-e-type=\"widget\" data-widget_type=\"text-editor.default\">\n\t\t\t\t<div class=\"elementor-widget-container\">\n\t\t\t\t\t\t\t\t\t<h6>Ao\u00fbt 2025<\/h6><h4>\u00ab\u00a0J&rsquo;ai rencontr\u00e9 Anne sur un salon bien-\u00eatre \u00e0\u00a0 Dijon, et ai \u00e9t\u00e9 juste souffl\u00e9e et soulag\u00e9e par son soin rapide&#8230;<\/h4><h4>Souffl\u00e9e, c&rsquo;est le terme car il s&rsquo;agit bien du souffle dans cette m\u00e9thode et de justesse, ses mains vont directement o\u00f9 le corps parle et soulage aussi vite..<br \/>A cette d\u00e9monstration, ont suivi d&rsquo;autres soins plus complets et tout aussi efficaces&#8230;<\/h4><h4>Cela ne m&rsquo;a pas suffi&#8230; Praticienne en massages bien-\u00eatre, sp\u00e9cialis\u00e9e dans l&rsquo;accompagnement des personnes vivant un stress, j&rsquo;ai \u00e9t\u00e9 plus qu&rsquo;int\u00e9ress\u00e9e par la m\u00e9thode expliqu\u00e9e tr\u00e8s clairement par Anne.<\/h4><h4>Car Anne est non seulement une super th\u00e9rapeute elle sait aussi partager avec enthousiasme et efficacit\u00e9 son savoir-faire. J&rsquo;ai pu suivre les 5 stages de la formation qu&rsquo;elle a anim\u00e9s fin 2023-2024 avec et sans Jean-Michel Demelt.<\/h4><h4 dir=\"auto\">Anne, Jean-Michel et tous les assistants veillent au respect de l&rsquo;esprit de cette pratique et font que la formation se d\u00e9roule dans une ambiance m\u00ealant savamment convivialit\u00e9 joyeuse et\u00a0 concentration studieuse.\u00a0<br \/>Merci \u00e0 Anne pour tout ce qu&rsquo;elle m&rsquo;apporte dans ses soins et dans ses enseignements.\u00a0\u00bb<\/h4><h6>&#8211; Pascale &#8211;<\/h6>\t\t\t\t\t\t\t\t<\/div>\n\t\t\t\t<\/div>\n\t\t\t\t\t<\/div>\n\t\t\t\t<\/div>\n\t\t<div class=\"elementor-element elementor-element-b58aa65 e-flex e-con-boxed e-con e-parent\" data-id=\"b58aa65\" data-element_type=\"container\" data-e-type=\"container\">\n\t\t\t\t\t<div class=\"e-con-inner\">\n\t\t\t\t<div class=\"elementor-element elementor-element-cac6f39 elementor-widget-divider--view-line_icon elementor-view-default elementor-widget-divider--element-align-center elementor-widget elementor-widget-divider\" data-id=\"cac6f39\" data-element_type=\"widget\" data-e-type=\"widget\" data-widget_type=\"divider.default\">\n\t\t\t\t<div class=\"elementor-widget-container\">\n\t\t\t\t\t\t\t<div class=\"elementor-divider\">\n\t\t\t<span class=\"elementor-divider-separator\">\n\t\t\t\t\t\t\t<div class=\"elementor-icon elementor-divider__element\">\n\t\t\t\t\t<svg aria-hidden=\"true\" class=\"e-font-icon-svg e-fas-star\" viewBox=\"0 0 576 512\" xmlns=\"http:\/\/www.w3.org\/2000\/svg\"><path d=\"M259.3 17.8L194 150.2 47.9 171.5c-26.2 3.8-36.7 36.1-17.7 54.6l105.7 103-25 145.5c-4.5 26.3 23.2 46 46.4 33.7L288 439.6l130.7 68.7c23.2 12.2 50.9-7.4 46.4-33.7l-25-145.5 105.7-103c19-18.5 8.5-50.8-17.7-54.6L382 150.2 316.7 17.8c-11.7-23.6-45.6-23.9-57.4 0z\"><\/path><\/svg><\/div>\n\t\t\t\t\t\t<\/span>\n\t\t<\/div>\n\t\t\t\t\t\t<\/div>\n\t\t\t\t<\/div>\n\t\t\t\t\t<\/div>\n\t\t\t\t<\/div>\n\t\t<div class=\"elementor-element elementor-element-47094af e-flex e-con-boxed e-con e-parent\" data-id=\"47094af\" data-element_type=\"container\" data-e-type=\"container\">\n\t\t\t\t\t<div class=\"e-con-inner\">\n\t\t\t\t<div class=\"elementor-element elementor-element-63b585c elementor-widget elementor-widget-text-editor\" data-id=\"63b585c\" data-element_type=\"widget\" data-e-type=\"widget\" data-widget_type=\"text-editor.default\">\n\t\t\t\t<div class=\"elementor-widget-container\">\n\t\t\t\t\t\t\t\t\t<h6>Ao\u00fbt 2025<\/h6><h4>\u00a0\u00bb Aujourd&rsquo;hui je suis vraiment interpel\u00e9e apr\u00e8s avoir re\u00e7u un soin. La constatation ou plut\u00f4t l&rsquo;observation est la suivante : comment cela est-il possible de lib\u00e9rer en une s\u00e9ance, cinquante ann\u00e9es de vie compliqu\u00e9e ?<\/h4><h4>J&rsquo;ai exp\u00e9riment\u00e9 auparavant pas mal de TCC; respiration holotropique de S.Groff et bien d&rsquo;autres cens\u00e9es lib\u00e9rer tout ce qui peut encombrer l&rsquo;\u00eatre humain dans son avancement. Je n&rsquo;ai h\u00e9las pas obtenu les r\u00e9sultats attendus.<\/h4><h4>Apr\u00e8s ma formation de kin\u00e9siologue j&rsquo;ai ressenti qu&rsquo;il me manquait un \u00e9l\u00e9ment important au niveau du \u00ab\u00a0toucher\u00a0\u00bb. Heureusement la vie est parfaite, j&rsquo;ai trouv\u00e9 la m\u00e9thode Demelt.<\/h4><h4>Donc, suite \u00e0 la s\u00e9ance avec Anne, c&rsquo;\u00e9tait un peu comme un cadeau du ciel qui s&rsquo;est produit. Comment je le sais, simplement mon corps a r\u00e9agi de fa\u00e7on surprenante, lorsque je suis rentr\u00e9e chez moi il s&rsquo;est produit une \u00e9limination physique assez \u00e9tonnante. Je n&rsquo;avais jamais v\u00e9cu une situation comme celle l\u00e0, je peux le dire et oui, je peux dire une lib\u00e9ration totale.<\/h4><h4>Professionnellement la question que je me pose est que ce tr\u00e9sor d&rsquo;informations que Anne aborde et partage dans ses soins sont en mesure de nous \u00e9viter des situations de vie souffrantes et inutiles.\u00a0\u00ab\u00a0<\/h4><h6>&#8211; Anne &#8211;<\/h6>\t\t\t\t\t\t\t\t<\/div>\n\t\t\t\t<\/div>\n\t\t\t\t\t<\/div>\n\t\t\t\t<\/div>\n\t\t<div class=\"elementor-element elementor-element-f47a98f e-flex e-con-boxed e-con e-parent\" data-id=\"f47a98f\" data-element_type=\"container\" data-e-type=\"container\">\n\t\t\t\t\t<div class=\"e-con-inner\">\n\t\t\t\t<div class=\"elementor-element elementor-element-1ec7de0 elementor-widget-divider--view-line_icon elementor-view-default elementor-widget-divider--element-align-center elementor-widget elementor-widget-divider\" data-id=\"1ec7de0\" data-element_type=\"widget\" data-e-type=\"widget\" data-widget_type=\"divider.default\">\n\t\t\t\t<div class=\"elementor-widget-container\">\n\t\t\t\t\t\t\t<div class=\"elementor-divider\">\n\t\t\t<span class=\"elementor-divider-separator\">\n\t\t\t\t\t\t\t<div class=\"elementor-icon elementor-divider__element\">\n\t\t\t\t\t<svg aria-hidden=\"true\" class=\"e-font-icon-svg e-fas-star\" viewBox=\"0 0 576 512\" xmlns=\"http:\/\/www.w3.org\/2000\/svg\"><path d=\"M259.3 17.8L194 150.2 47.9 171.5c-26.2 3.8-36.7 36.1-17.7 54.6l105.7 103-25 145.5c-4.5 26.3 23.2 46 46.4 33.7L288 439.6l130.7 68.7c23.2 12.2 50.9-7.4 46.4-33.7l-25-145.5 105.7-103c19-18.5 8.5-50.8-17.7-54.6L382 150.2 316.7 17.8c-11.7-23.6-45.6-23.9-57.4 0z\"><\/path><\/svg><\/div>\n\t\t\t\t\t\t<\/span>\n\t\t<\/div>\n\t\t\t\t\t\t<\/div>\n\t\t\t\t<\/div>\n\t\t\t\t\t<\/div>\n\t\t\t\t<\/div>\n\t\t<div class=\"elementor-element elementor-element-833e0b8 e-flex e-con-boxed e-con e-parent\" data-id=\"833e0b8\" data-element_type=\"container\" data-e-type=\"container\">\n\t\t\t\t\t<div class=\"e-con-inner\">\n\t\t\t\t<div class=\"elementor-element elementor-element-c9b7821 elementor-widget elementor-widget-text-editor\" data-id=\"c9b7821\" data-element_type=\"widget\" data-e-type=\"widget\" data-widget_type=\"text-editor.default\">\n\t\t\t\t<div class=\"elementor-widget-container\">\n\t\t\t\t\t\t\t\t\t<h6>Ao\u00fbt 2025<\/h6><h4>\u00ab\u00a0J&rsquo;ai fait partie de la promo 2024\/2025 anim\u00e9e par Anne \u00e0 Gray.<br \/>Par le dynamisme de Anne, sa pr\u00e9cision, son \u00e9coute, elle m&rsquo;a fait progresser pas \u00e0 pas en partant de l\u00e0 o\u00f9 j&rsquo;en \u00e9tais. <br \/>Cette formation est un tr\u00e9sor tant sur le plan personnel que professionnel.<br \/>Anne y met tout son c\u0153ur , ses comp\u00e9tences, son exp\u00e9rience et sa rigueur.<br \/>Si vous h\u00e9sitez \u00e0 franchir le cap , allez y , c&rsquo;est une belle exp\u00e9rience, on y rencontre de belles personnes et Anne a \u00e0 c\u0153ur que chacun trouve sa place. Vous ne regretterez pas !! Voguez sur les vagues de la m\u00e9thode Demelt avec Anne et sa belle \u00e9nergie solaire! Anne merci pour tout \u00e7a ! \u00ab\u00a0<\/h4><h6>&#8211; Laurence &#8211;<\/h6>\t\t\t\t\t\t\t\t<\/div>\n\t\t\t\t<\/div>\n\t\t\t\t\t<\/div>\n\t\t\t\t<\/div>\n\t\t<div class=\"elementor-element elementor-element-28f4eb0 e-flex e-con-boxed e-con e-parent\" data-id=\"28f4eb0\" data-element_type=\"container\" data-e-type=\"container\">\n\t\t\t\t\t<div class=\"e-con-inner\">\n\t\t\t\t<div class=\"elementor-element elementor-element-0639a5a elementor-widget-divider--view-line_icon elementor-view-default elementor-widget-divider--element-align-center elementor-widget elementor-widget-divider\" data-id=\"0639a5a\" data-element_type=\"widget\" data-e-type=\"widget\" data-widget_type=\"divider.default\">\n\t\t\t\t<div class=\"elementor-widget-container\">\n\t\t\t\t\t\t\t<div class=\"elementor-divider\">\n\t\t\t<span class=\"elementor-divider-separator\">\n\t\t\t\t\t\t\t<div class=\"elementor-icon elementor-divider__element\">\n\t\t\t\t\t<svg aria-hidden=\"true\" class=\"e-font-icon-svg e-fas-star\" viewBox=\"0 0 576 512\" xmlns=\"http:\/\/www.w3.org\/2000\/svg\"><path d=\"M259.3 17.8L194 150.2 47.9 171.5c-26.2 3.8-36.7 36.1-17.7 54.6l105.7 103-25 145.5c-4.5 26.3 23.2 46 46.4 33.7L288 439.6l130.7 68.7c23.2 12.2 50.9-7.4 46.4-33.7l-25-145.5 105.7-103c19-18.5 8.5-50.8-17.7-54.6L382 150.2 316.7 17.8c-11.7-23.6-45.6-23.9-57.4 0z\"><\/path><\/svg><\/div>\n\t\t\t\t\t\t<\/span>\n\t\t<\/div>\n\t\t\t\t\t\t<\/div>\n\t\t\t\t<\/div>\n\t\t\t\t\t<\/div>\n\t\t\t\t<\/div>\n\t\t<div class=\"elementor-element elementor-element-bbc3d8d e-flex e-con-boxed e-con e-parent\" data-id=\"bbc3d8d\" data-element_type=\"container\" data-e-type=\"container\">\n\t\t\t\t\t<div class=\"e-con-inner\">\n\t\t\t\t<div class=\"elementor-element elementor-element-30b41ca elementor-widget elementor-widget-text-editor\" data-id=\"30b41ca\" data-element_type=\"widget\" data-e-type=\"widget\" data-widget_type=\"text-editor.default\">\n\t\t\t\t<div class=\"elementor-widget-container\">\n\t\t\t\t\t\t\t\t\t<h6>Mars 2025<\/h6><h4>\u00ab\u00a0Le r\u00e9sultat \u00e0 n\u00e9cessit\u00e9 quelques s\u00e9ances mais il est l\u00e0 &#8230;.la ou d&rsquo;autres ont \u00e9chou\u00e9, Anne m&rsquo;a aid\u00e9 \u00e0 me remettre et permis de retrouver une vie presque normale\u00a0\u00bb<\/h4><h6>&#8211; Francis &#8211;<\/h6>\t\t\t\t\t\t\t\t<\/div>\n\t\t\t\t<\/div>\n\t\t\t\t\t<\/div>\n\t\t\t\t<\/div>\n\t\t<div class=\"elementor-element elementor-element-5498192 e-flex e-con-boxed e-con e-parent\" data-id=\"5498192\" data-element_type=\"container\" data-e-type=\"container\">\n\t\t\t\t\t<div class=\"e-con-inner\">\n\t\t\t\t<div class=\"elementor-element elementor-element-f76f8b3 elementor-widget-divider--view-line_icon elementor-view-default elementor-widget-divider--element-align-center elementor-widget elementor-widget-divider\" data-id=\"f76f8b3\" data-element_type=\"widget\" data-e-type=\"widget\" data-widget_type=\"divider.default\">\n\t\t\t\t<div class=\"elementor-widget-container\">\n\t\t\t\t\t\t\t<div class=\"elementor-divider\">\n\t\t\t<span class=\"elementor-divider-separator\">\n\t\t\t\t\t\t\t<div class=\"elementor-icon elementor-divider__element\">\n\t\t\t\t\t<svg aria-hidden=\"true\" class=\"e-font-icon-svg e-fas-star\" viewBox=\"0 0 576 512\" xmlns=\"http:\/\/www.w3.org\/2000\/svg\"><path d=\"M259.3 17.8L194 150.2 47.9 171.5c-26.2 3.8-36.7 36.1-17.7 54.6l105.7 103-25 145.5c-4.5 26.3 23.2 46 46.4 33.7L288 439.6l130.7 68.7c23.2 12.2 50.9-7.4 46.4-33.7l-25-145.5 105.7-103c19-18.5 8.5-50.8-17.7-54.6L382 150.2 316.7 17.8c-11.7-23.6-45.6-23.9-57.4 0z\"><\/path><\/svg><\/div>\n\t\t\t\t\t\t<\/span>\n\t\t<\/div>\n\t\t\t\t\t\t<\/div>\n\t\t\t\t<\/div>\n\t\t\t\t\t<\/div>\n\t\t\t\t<\/div>\n\t\t<div class=\"elementor-element elementor-element-dd5479d e-flex e-con-boxed e-con e-parent\" data-id=\"dd5479d\" data-element_type=\"container\" data-e-type=\"container\">\n\t\t\t\t\t<div class=\"e-con-inner\">\n\t\t\t\t<div class=\"elementor-element elementor-element-9ff6e47 elementor-widget elementor-widget-text-editor\" data-id=\"9ff6e47\" data-element_type=\"widget\" data-e-type=\"widget\" data-widget_type=\"text-editor.default\">\n\t\t\t\t<div class=\"elementor-widget-container\">\n\t\t\t\t\t\t\t\t\t<h6>Mai 2024<\/h6><h4>\u00ab\u00a0Praticienne exceptionnelle et bienveillante, lib\u00e9ration des douleurs et blocages efficace, tarif plus que raisonnable au vu du soin re\u00e7u, je recommande les yeux ferm\u00e9s\u00a0\u00bb<\/h4><h6>&#8211; Kali &#8211;<\/h6>\t\t\t\t\t\t\t\t<\/div>\n\t\t\t\t<\/div>\n\t\t\t\t\t<\/div>\n\t\t\t\t<\/div>\n\t\t<div class=\"elementor-element elementor-element-1edbf84 e-flex e-con-boxed e-con e-parent\" data-id=\"1edbf84\" data-element_type=\"container\" data-e-type=\"container\">\n\t\t\t\t\t<div class=\"e-con-inner\">\n\t\t\t\t<div class=\"elementor-element elementor-element-707e774 elementor-widget-divider--view-line_icon elementor-view-default elementor-widget-divider--element-align-center elementor-widget elementor-widget-divider\" data-id=\"707e774\" data-element_type=\"widget\" data-e-type=\"widget\" data-widget_type=\"divider.default\">\n\t\t\t\t<div class=\"elementor-widget-container\">\n\t\t\t\t\t\t\t<div class=\"elementor-divider\">\n\t\t\t<span class=\"elementor-divider-separator\">\n\t\t\t\t\t\t\t<div class=\"elementor-icon elementor-divider__element\">\n\t\t\t\t\t<svg aria-hidden=\"true\" class=\"e-font-icon-svg e-fas-star\" viewBox=\"0 0 576 512\" xmlns=\"http:\/\/www.w3.org\/2000\/svg\"><path d=\"M259.3 17.8L194 150.2 47.9 171.5c-26.2 3.8-36.7 36.1-17.7 54.6l105.7 103-25 145.5c-4.5 26.3 23.2 46 46.4 33.7L288 439.6l130.7 68.7c23.2 12.2 50.9-7.4 46.4-33.7l-25-145.5 105.7-103c19-18.5 8.5-50.8-17.7-54.6L382 150.2 316.7 17.8c-11.7-23.6-45.6-23.9-57.4 0z\"><\/path><\/svg><\/div>\n\t\t\t\t\t\t<\/span>\n\t\t<\/div>\n\t\t\t\t\t\t<\/div>\n\t\t\t\t<\/div>\n\t\t\t\t\t<\/div>\n\t\t\t\t<\/div>\n\t\t<div class=\"elementor-element elementor-element-18107fa e-flex e-con-boxed e-con e-parent\" data-id=\"18107fa\" data-element_type=\"container\" data-e-type=\"container\">\n\t\t\t\t\t<div class=\"e-con-inner\">\n\t\t\t\t<div class=\"elementor-element elementor-element-07b7f1c elementor-widget elementor-widget-text-editor\" data-id=\"07b7f1c\" data-element_type=\"widget\" data-e-type=\"widget\" data-widget_type=\"text-editor.default\">\n\t\t\t\t<div class=\"elementor-widget-container\">\n\t\t\t\t\t\t\t\t\t<h6>F\u00e9vrier 2021<\/h6><h4>\u00ab\u00a02 ans et demi que je courais de m\u00e9decins en sp\u00e9cialistes&#8230; des examens avec toujours la m\u00eame conclusion : tout est normal, \u00e7a doit \u00eatre le stress, Madame !<\/h4><h4>Et puis, petit \u00e0 petit, le ras-le-bol s&rsquo;installe, marre que personne ne me croie y compris mon entourage.<\/h4><h4>Les s\u00e9ances d&rsquo;ost\u00e9opathie r\u00e9ussissaient \u00e0 me soulager, enfin au d\u00e9but, et puis de moins en moins m\u00eame si elles devenaient elles aussi de plus en plus fr\u00e9quentes.<\/h4><h4>La peur, qui s&rsquo;installe de fa\u00e7on insidieuse : vais-je pouvoir continuer le boulot, vais-je pouvoir \u00e9lever mes enfants car je n&rsquo;y arrive plus au quotidien. Je suis \u00e9puis\u00e9e, lasse de tout, envie de rien, juste me cacher au fond de mon lit et dormir pour oublier&#8230;<\/h4><h4>Et un jour, une amie me tend une carte et me dit : \u00ab tiens, va faire un tour, tu vas voir \u00bb. Et j&rsquo;y vais !<\/h4><h4>Je rencontre Anne, une personne formidable, \u00e0 l&rsquo;\u00e9coute et qui comprend mon quotidien. On discute, elle commence la s\u00e9ance&#8230;<\/h4><h4>Je sors, je suis crev\u00e9e, j&rsquo;ai pleur\u00e9 mais je suis bien, apais\u00e9e. Les jours passent, et sans vraiment m&rsquo;en rendre compte, je recommence \u00e0 m&rsquo;occuper de mes enfants, de ma maison, je retrouve l&rsquo;envie de faire les choses et je n&rsquo;ai plus de sympt\u00f4mes physiques ! J&rsquo;ai tout simplement perdu 10 ans&#8230;<\/h4><h4>La seconde s\u00e9ance se d\u00e9roule de la m\u00eame fa\u00e7on : m\u00eame conclusion I<\/h4><h4>Aujourd&rsquo;hui, j&rsquo;ai retrouv\u00e9 la vie que j&rsquo;avais perdue petit \u00e0 petit, je me suis tout simplement retrouv\u00e9e.<\/h4><h4>Alors, pour finir, je ne dirai qu&rsquo;une chose : Un GRAND MERCI, Anne, tu m&rsquo;as sauv\u00e9e !\u00a0\u00bb<\/h4><h6>&#8211; B\u00e9atrice &#8211;<\/h6>\t\t\t\t\t\t\t\t<\/div>\n\t\t\t\t<\/div>\n\t\t\t\t\t<\/div>\n\t\t\t\t<\/div>\n\t\t\t\t<\/div>\n\t\t","protected":false},"excerpt":{"rendered":"<p>Ao\u00fbt 2025 \u00ab\u00a0J&rsquo;ai rencontr\u00e9 Anne sur un salon bien-\u00eatre \u00e0\u00a0 Dijon, et ai \u00e9t\u00e9 juste souffl\u00e9e et soulag\u00e9e par son soin rapide&#8230; Souffl\u00e9e, c&rsquo;est le terme car il s&rsquo;agit bien du souffle dans cette m\u00e9thode et de justesse, ses mains vont directement o\u00f9 le corps parle et soulage aussi vite..A cette d\u00e9monstration, ont suivi d&rsquo;autres [&hellip;]<\/p>\n","protected":false},"author":1,"featured_media":0,"parent":0,"menu_order":0,"comment_status":"closed","ping_status":"closed","template":"elementor_header_footer","meta":{"ocean_post_layout":"full-width","ocean_both_sidebars_style":"","ocean_both_sidebars_content_width":0,"ocean_both_sidebars_sidebars_width":0,"ocean_sidebar":"","ocean_second_sidebar":"","ocean_disable_margins":"enable","ocean_add_body_class":"","ocean_shortcode_before_top_bar":"","ocean_shortcode_after_top_bar":"","ocean_shortcode_before_header":"","ocean_shortcode_after_header":"","ocean_has_shortcode":"","ocean_shortcode_after_title":"","ocean_shortcode_before_footer_widgets":"","ocean_shortcode_after_footer_widgets":"","ocean_shortcode_before_footer_bottom":"","ocean_shortcode_after_footer_bottom":"","ocean_display_top_bar":"default","ocean_display_header":"default","ocean_header_style":"","ocean_center_header_left_menu":"","ocean_custom_header_template":"","ocean_custom_logo":0,"ocean_custom_retina_logo":0,"ocean_custom_logo_max_width":0,"ocean_custom_logo_tablet_max_width":0,"ocean_custom_logo_mobile_max_width":0,"ocean_custom_logo_max_height":0,"ocean_custom_logo_tablet_max_height":0,"ocean_custom_logo_mobile_max_height":0,"ocean_header_custom_menu":"","ocean_menu_typo_font_family":"","ocean_menu_typo_font_subset":"","ocean_menu_typo_font_size":0,"ocean_menu_typo_font_size_tablet":0,"ocean_menu_typo_font_size_mobile":0,"ocean_menu_typo_font_size_unit":"px","ocean_menu_typo_font_weight":"","ocean_menu_typo_font_weight_tablet":"","ocean_menu_typo_font_weight_mobile":"","ocean_menu_typo_transform":"","ocean_menu_typo_transform_tablet":"","ocean_menu_typo_transform_mobile":"","ocean_menu_typo_line_height":0,"ocean_menu_typo_line_height_tablet":0,"ocean_menu_typo_line_height_mobile":0,"ocean_menu_typo_line_height_unit":"","ocean_menu_typo_spacing":0,"ocean_menu_typo_spacing_tablet":0,"ocean_menu_typo_spacing_mobile":0,"ocean_menu_typo_spacing_unit":"","ocean_menu_link_color":"","ocean_menu_link_color_hover":"","ocean_menu_link_color_active":"","ocean_menu_link_background":"","ocean_menu_link_hover_background":"","ocean_menu_link_active_background":"","ocean_menu_social_links_bg":"","ocean_menu_social_hover_links_bg":"","ocean_menu_social_links_color":"","ocean_menu_social_hover_links_color":"","ocean_disable_title":"on","ocean_disable_heading":"default","ocean_post_title":"","ocean_post_subheading":"","ocean_post_title_style":"background-image","ocean_post_title_background_color":"","ocean_post_title_background":1328,"ocean_post_title_bg_image_position":"center center","ocean_post_title_bg_image_attachment":"","ocean_post_title_bg_image_repeat":"","ocean_post_title_bg_image_size":"auto","ocean_post_title_height":1,"ocean_post_title_bg_overlay":0.1,"ocean_post_title_bg_overlay_color":"#00000000","ocean_disable_breadcrumbs":"off","ocean_breadcrumbs_color":"","ocean_breadcrumbs_separator_color":"","ocean_breadcrumbs_links_color":"","ocean_breadcrumbs_links_hover_color":"","ocean_display_footer_widgets":"default","ocean_display_footer_bottom":"default","ocean_custom_footer_template":"","footnotes":""},"class_list":["post-57","page","type-page","status-publish","hentry","entry"],"_links":{"self":[{"href":"https:\/\/annescholler.com\/index.php\/wp-json\/wp\/v2\/pages\/57","targetHints":{"allow":["GET"]}}],"collection":[{"href":"https:\/\/annescholler.com\/index.php\/wp-json\/wp\/v2\/pages"}],"about":[{"href":"https:\/\/annescholler.com\/index.php\/wp-json\/wp\/v2\/types\/page"}],"author":[{"embeddable":true,"href":"https:\/\/annescholler.com\/index.php\/wp-json\/wp\/v2\/users\/1"}],"replies":[{"embeddable":true,"href":"https:\/\/annescholler.com\/index.php\/wp-json\/wp\/v2\/comments?post=57"}],"version-history":[{"count":74,"href":"https:\/\/annescholler.com\/index.php\/wp-json\/wp\/v2\/pages\/57\/revisions"}],"predecessor-version":[{"id":2035,"href":"https:\/\/annescholler.com\/index.php\/wp-json\/wp\/v2\/pages\/57\/revisions\/2035"}],"wp:attachment":[{"href":"https:\/\/annescholler.com\/index.php\/wp-json\/wp\/v2\/media?parent=57"}],"curies":[{"name":"wp","href":"https:\/\/api.w.org\/{rel}","templated":true}]}}